{"id":6,"date":"2021-03-08T12:33:55","date_gmt":"2021-03-08T11:33:55","guid":{"rendered":"https:\/\/www.tierarzt-wimmer.de\/?page_id=6"},"modified":"2023-04-25T16:31:03","modified_gmt":"2023-04-25T14:31:03","slug":"start","status":"publish","type":"page","link":"https:\/\/www.tierarzt-wimmer.de\/","title":{"rendered":"Start"},"content":{"rendered":"\n<div class=\"wp-block-media-text alignwide is-stacked-on-mobile is-vertically-aligned-center is-image-fill violet has-text-color\" style=\"color:#c8ffbe;grid-template-columns:48% auto\" id=\"vita\"><figure class=\"wp-block-media-text__media\" style=\"background-image:url(https:\/\/www.tierarzt-wimmer.de\/wp-content\/uploads\/2021\/03\/facde451-f543-4d02-9a9f-0534f29c32a3-696x1024.jpg);background-position:50% 24%\"><img decoding=\"async\" loading=\"lazy\" width=\"696\" height=\"1024\" src=\"https:\/\/www.tierarzt-wimmer.de\/wp-content\/uploads\/2021\/03\/facde451-f543-4d02-9a9f-0534f29c32a3-696x1024.jpg\" alt=\"\" class=\"wp-image-29 size-full\" srcset=\"https:\/\/www.tierarzt-wimmer.de\/wp-content\/uploads\/2021\/03\/facde451-f543-4d02-9a9f-0534f29c32a3-696x1024.jpg 696w, https:\/\/www.tierarzt-wimmer.de\/wp-content\/uploads\/2021\/03\/facde451-f543-4d02-9a9f-0534f29c32a3-204x300.jpg 204w, https:\/\/www.tierarzt-wimmer.de\/wp-content\/uploads\/2021\/03\/facde451-f543-4d02-9a9f-0534f29c32a3-768x1130.jpg 768w, https:\/\/www.tierarzt-wimmer.de\/wp-content\/uploads\/2021\/03\/facde451-f543-4d02-9a9f-0534f29c32a3.jpg 837w\" sizes=\"(max-width: 696px) 100vw, 696px\" \/><\/figure><div class=\"wp-block-media-text__content\">\n<div style=\"height:24px\" aria-hidden=\"true\" class=\"wp-block-spacer\"><\/div>\n\n\n\n<h2>DVM Angelika Wimmer<br><small>Fachtier\u00e4rztin f\u00fcr<\/small><\/h2>\n\n\n\n<ul>\n<li>Zootiere<\/li>\n\n\n\n<li>Wildtiere<\/li>\n\n\n\n<li>und Gehegetiere<\/li>\n<\/ul>\n\n\n\n<div class=\"wp-block-buttons is-layout-flex\">\n<div class=\"wp-block-button\"><a class=\"wp-block-button__link wp-element-button\" href=\"tel:00491738154836\">+49 173 8154836<\/a><\/div>\n\n\n\n<div class=\"wp-block-button\"><a class=\"wp-block-button__link wp-element-button\" href=\"https:\/\/wa.me\/491738154836\">WhatsApp<\/a><\/div>\n<\/div>\n\n\n\n<div style=\"height:24px\" aria-hidden=\"true\" class=\"wp-block-spacer\"><\/div>\n<\/div><\/div>\n\n\n\n<div style=\"height:24px\" aria-hidden=\"true\" class=\"wp-block-spacer\"><\/div>\n\n\n\n<div id=\"leistungen\" class=\"wp-block-group white is-layout-flow\"><div class=\"wp-block-group__inner-container\">\n<h2 class=\"wp-block-heading has-text-align-center\">Meine Leistungen<\/h2>\n\n\n\n<div class=\"wp-block-columns is-layout-flex wp-container-5\">\n<div class=\"wp-block-column is-layout-flow\">\n<ul>\n<li>Fachberatung zu: Haltung, Ern\u00e4hrung, Pflege, Arten- und Tierschutz, Tier Krankheiten, Seuchen, Zoonosen Hygiene, Quarant\u00e4ne, Tiergehege Gestaltung, Zucht<\/li>\n\n\n\n<li>medizinische Gesundheitsvorsorge, Prophylaxe: Gesundheitscheck, Impfungen, Parasitenbehandlungen<\/li>\n\n\n\n<li>gezielte Therapieerstellung nach erfolgter Diagnostik<\/li>\n\n\n\n<li>Labordiagnostik (H\u00e4matologie, Urin, Kot, Haut), Mikrobiologie, Virologie<\/li>\n\n\n\n<li>Tierbestandsbetreuung kurativ und prophylaktisch<\/li>\n<\/ul>\n<\/div>\n\n\n\n<div class=\"wp-block-column is-layout-flow\">\n<ul>\n<li>Zootier-Narkosen: Beratung &amp; Durchf\u00fchrung<\/li>\n\n\n\n<li>Gutachten &amp; Gutachtert\u00e4tigkeit<\/li>\n\n\n\n<li>Blasrohr-Technik und Injektions Stab f\u00fcr Zoo-, Wildtiere oder Exoten vorhanden<\/li>\n\n\n\n<li>intensive Zusammenarbeit mit der Fa. \u201eInterzoo\u201c Tiertransporte Roy Smith mit Spezialcontainern f\u00fcr Elefanten, Giraffen, Nash\u00f6rner etc.<\/li>\n\n\n\n<li>kleine chirurgische Eingriffe<\/li>\n<\/ul>\n<\/div>\n\n\n\n<div class=\"wp-block-column is-layout-flow\">\n<ul>\n<li>Sonographie, Otoskopie, Opthalmoskopie<\/li>\n\n\n\n<li>Zahnsteinentfernung per Ultraschall<\/li>\n\n\n\n<li>Korrektur Z\u00e4hne Nagetiere<\/li>\n\n\n\n<li>Implantation Mikrochip<\/li>\n\n\n\n<li>Pr\u00fcfer zum Erlangen der Sachkunde \u201egef\u00e4hrliche Tiere einer wildlebenden Art\u201c&nbsp; &nbsp; &nbsp; (Th\u00fcrWildtierGefVO)<\/li>\n<\/ul>\n<\/div>\n<\/div>\n<\/div><\/div>\n\n\n\n<div style=\"height:24px\" aria-hidden=\"true\" class=\"wp-block-spacer\"><\/div>\n\n\n\n<div id=\"wp-block-themeisle-blocks-slider-bb824b4d\" class=\"wp-block-themeisle-blocks-slider glide\" data-per-view=\"1\" data-gap=\"0\" data-peek=\"0\" data-autoplay=\"true\" data-height=\"960px\" data-hide-arrows=\"false\"><div class=\"glide__track\" data-glide-el=\"track\"><div class=\"glide__slides\"><div class=\"wp-block-themeisle-blocks-slider-item-wrapper glide__slide\" tabindex=\"0\"><figure><img decoding=\"async\" class=\"wp-block-themeisle-blocks-slider-item\" src=\"https:\/\/www.tierarzt-wimmer.de\/wp-content\/uploads\/2021\/03\/Elefant.jpg\" alt=\"\" title=\"\" data-id=\"305\"\/><\/figure><\/div><div class=\"wp-block-themeisle-blocks-slider-item-wrapper glide__slide\" tabindex=\"0\"><figure><img decoding=\"async\" class=\"wp-block-themeisle-blocks-slider-item\" src=\"https:\/\/www.tierarzt-wimmer.de\/wp-content\/uploads\/2021\/03\/Affen.jpg\" alt=\"\" title=\"\" data-id=\"301\"\/><\/figure><\/div><div class=\"wp-block-themeisle-blocks-slider-item-wrapper glide__slide\" tabindex=\"0\"><figure><img decoding=\"async\" class=\"wp-block-themeisle-blocks-slider-item\" src=\"https:\/\/www.tierarzt-wimmer.de\/wp-content\/uploads\/2021\/03\/Chamaeleon-1.jpg\" alt=\"\" title=\"\" data-id=\"302\"\/><\/figure><\/div><div class=\"wp-block-themeisle-blocks-slider-item-wrapper glide__slide\" tabindex=\"0\"><figure><img decoding=\"async\" class=\"wp-block-themeisle-blocks-slider-item\" src=\"https:\/\/www.tierarzt-wimmer.de\/wp-content\/uploads\/2021\/03\/Stachelschwein.jpg\" alt=\"\" title=\"\" data-id=\"319\"\/><\/figure><\/div><div class=\"wp-block-themeisle-blocks-slider-item-wrapper glide__slide\" tabindex=\"0\"><figure><img decoding=\"async\" class=\"wp-block-themeisle-blocks-slider-item\" src=\"https:\/\/www.tierarzt-wimmer.de\/wp-content\/uploads\/2021\/03\/Chinchilla-2.jpg\" alt=\"\" title=\"\" data-id=\"303\"\/><\/figure><\/div><div class=\"wp-block-themeisle-blocks-slider-item-wrapper glide__slide\" tabindex=\"0\"><figure><img decoding=\"async\" class=\"wp-block-themeisle-blocks-slider-item\" src=\"https:\/\/www.tierarzt-wimmer.de\/wp-content\/uploads\/2021\/03\/Kaninchen.jpg\" alt=\"\" title=\"\" data-id=\"312\"\/><\/figure><\/div><div class=\"wp-block-themeisle-blocks-slider-item-wrapper glide__slide\" tabindex=\"0\"><figure><img decoding=\"async\" class=\"wp-block-themeisle-blocks-slider-item\" src=\"https:\/\/www.tierarzt-wimmer.de\/wp-content\/uploads\/2021\/03\/Chinchilla-1.jpg\" alt=\"\" title=\"\" data-id=\"304\"\/><\/figure><\/div><div class=\"wp-block-themeisle-blocks-slider-item-wrapper glide__slide\" tabindex=\"0\"><figure><img decoding=\"async\" class=\"wp-block-themeisle-blocks-slider-item\" src=\"https:\/\/www.tierarzt-wimmer.de\/wp-content\/uploads\/2021\/03\/Eule.jpg\" alt=\"\" title=\"\" data-id=\"306\"\/><\/figure><\/div><div class=\"wp-block-themeisle-blocks-slider-item-wrapper glide__slide\" tabindex=\"0\"><figure><img decoding=\"async\" class=\"wp-block-themeisle-blocks-slider-item\" src=\"https:\/\/www.tierarzt-wimmer.de\/wp-content\/uploads\/2021\/03\/Fuchs.jpg\" alt=\"\" title=\"\" data-id=\"307\"\/><\/figure><\/div><div class=\"wp-block-themeisle-blocks-slider-item-wrapper glide__slide\" tabindex=\"0\"><figure><img decoding=\"async\" class=\"wp-block-themeisle-blocks-slider-item\" src=\"https:\/\/www.tierarzt-wimmer.de\/wp-content\/uploads\/2021\/03\/Tapir.jpg\" alt=\"\" title=\"\" data-id=\"320\"\/><\/figure><\/div><div class=\"wp-block-themeisle-blocks-slider-item-wrapper glide__slide\" tabindex=\"0\"><figure><img decoding=\"async\" class=\"wp-block-themeisle-blocks-slider-item\" src=\"https:\/\/www.tierarzt-wimmer.de\/wp-content\/uploads\/2021\/03\/Hamster.jpg\" alt=\"\" title=\"\" data-id=\"308\"\/><\/figure><\/div><div class=\"wp-block-themeisle-blocks-slider-item-wrapper glide__slide\" tabindex=\"0\"><figure><img decoding=\"async\" class=\"wp-block-themeisle-blocks-slider-item\" src=\"https:\/\/www.tierarzt-wimmer.de\/wp-content\/uploads\/2021\/03\/igel.jpg\" alt=\"\" title=\"\" data-id=\"309\"\/><\/figure><\/div><div class=\"wp-block-themeisle-blocks-slider-item-wrapper glide__slide\" tabindex=\"0\"><figure><img decoding=\"async\" class=\"wp-block-themeisle-blocks-slider-item\" src=\"https:\/\/www.tierarzt-wimmer.de\/wp-content\/uploads\/2021\/03\/Kakadu.jpg\" alt=\"\" title=\"\" data-id=\"310\"\/><\/figure><\/div><div class=\"wp-block-themeisle-blocks-slider-item-wrapper glide__slide\" tabindex=\"0\"><figure><img decoding=\"async\" class=\"wp-block-themeisle-blocks-slider-item\" src=\"https:\/\/www.tierarzt-wimmer.de\/wp-content\/uploads\/2021\/03\/Kaenguru.jpg\" alt=\"\" title=\"\" data-id=\"311\"\/><\/figure><\/div><div class=\"wp-block-themeisle-blocks-slider-item-wrapper glide__slide\" tabindex=\"0\"><figure><img decoding=\"async\" class=\"wp-block-themeisle-blocks-slider-item\" src=\"https:\/\/www.tierarzt-wimmer.de\/wp-content\/uploads\/2021\/03\/Lama.jpg\" alt=\"\" title=\"\" data-id=\"313\"\/><\/figure><\/div><div class=\"wp-block-themeisle-blocks-slider-item-wrapper glide__slide\" tabindex=\"0\"><figure><img decoding=\"async\" class=\"wp-block-themeisle-blocks-slider-item\" src=\"https:\/\/www.tierarzt-wimmer.de\/wp-content\/uploads\/2021\/03\/Leopard.jpg\" alt=\"\" title=\"\" data-id=\"314\"\/><\/figure><\/div><div class=\"wp-block-themeisle-blocks-slider-item-wrapper glide__slide\" tabindex=\"0\"><figure><img decoding=\"async\" class=\"wp-block-themeisle-blocks-slider-item\" src=\"https:\/\/www.tierarzt-wimmer.de\/wp-content\/uploads\/2021\/03\/MS.jpg\" alt=\"\" title=\"\" data-id=\"315\"\/><\/figure><\/div><div class=\"wp-block-themeisle-blocks-slider-item-wrapper glide__slide\" tabindex=\"0\"><figure><img decoding=\"async\" class=\"wp-block-themeisle-blocks-slider-item\" src=\"https:\/\/www.tierarzt-wimmer.de\/wp-content\/uploads\/2021\/03\/Pfeilgiftfrosch.jpg\" alt=\"\" title=\"\" data-id=\"316\"\/><\/figure><\/div><div class=\"wp-block-themeisle-blocks-slider-item-wrapper glide__slide\" tabindex=\"0\"><figure><img decoding=\"async\" class=\"wp-block-themeisle-blocks-slider-item\" src=\"https:\/\/www.tierarzt-wimmer.de\/wp-content\/uploads\/2021\/03\/Shugar-Glider.jpg\" alt=\"\" title=\"\" data-id=\"317\"\/><\/figure><\/div><div class=\"wp-block-themeisle-blocks-slider-item-wrapper glide__slide\" tabindex=\"0\"><figure><img decoding=\"async\" class=\"wp-block-themeisle-blocks-slider-item\" src=\"https:\/\/www.tierarzt-wimmer.de\/wp-content\/uploads\/2021\/03\/SK.jpg\" alt=\"\" title=\"\" data-id=\"318\"\/><\/figure><\/div><div class=\"wp-block-themeisle-blocks-slider-item-wrapper glide__slide\" tabindex=\"0\"><figure><img decoding=\"async\" class=\"wp-block-themeisle-blocks-slider-item\" src=\"https:\/\/www.tierarzt-wimmer.de\/wp-content\/uploads\/2021\/03\/Vari.jpg\" alt=\"\" title=\"\" data-id=\"321\"\/><\/figure><\/div><div class=\"wp-block-themeisle-blocks-slider-item-wrapper glide__slide\" tabindex=\"0\"><figure><img decoding=\"async\" class=\"wp-block-themeisle-blocks-slider-item\" src=\"https:\/\/www.tierarzt-wimmer.de\/wp-content\/uploads\/2021\/03\/Voegel.jpg\" alt=\"\" title=\"\" data-id=\"322\"\/><\/figure><\/div><\/div><div class=\"glide__bullets\" data-glide-el=\"controls[nav]\"><button class=\"glide__bullet\" data-glide-dir=\"=0\"><\/button><button class=\"glide__bullet\" data-glide-dir=\"=1\"><\/button><button class=\"glide__bullet\" data-glide-dir=\"=2\"><\/button><button class=\"glide__bullet\" data-glide-dir=\"=3\"><\/button><button class=\"glide__bullet\" data-glide-dir=\"=4\"><\/button><button class=\"glide__bullet\" data-glide-dir=\"=5\"><\/button><button class=\"glide__bullet\" data-glide-dir=\"=6\"><\/button><button class=\"glide__bullet\" data-glide-dir=\"=7\"><\/button><button class=\"glide__bullet\" data-glide-dir=\"=8\"><\/button><button class=\"glide__bullet\" data-glide-dir=\"=9\"><\/button><button class=\"glide__bullet\" data-glide-dir=\"=10\"><\/button><button class=\"glide__bullet\" data-glide-dir=\"=11\"><\/button><button class=\"glide__bullet\" data-glide-dir=\"=12\"><\/button><button class=\"glide__bullet\" data-glide-dir=\"=13\"><\/button><button class=\"glide__bullet\" data-glide-dir=\"=14\"><\/button><button class=\"glide__bullet\" data-glide-dir=\"=15\"><\/button><button class=\"glide__bullet\" data-glide-dir=\"=16\"><\/button><button class=\"glide__bullet\" data-glide-dir=\"=17\"><\/button><button class=\"glide__bullet\" data-glide-dir=\"=18\"><\/button><button class=\"glide__bullet\" data-glide-dir=\"=19\"><\/button><button class=\"glide__bullet\" data-glide-dir=\"=20\"><\/button><button class=\"glide__bullet\" data-glide-dir=\"=21\"><\/button><\/div><\/div><\/div>\n\n\n\n<div style=\"height:24px\" aria-hidden=\"true\" class=\"wp-block-spacer\"><\/div>\n\n\n\n<div class=\"wp-block-columns is-layout-flex wp-container-9\" id=\"kontakt\">\n<div class=\"wp-block-column white is-layout-flow\">\n<div id=\"wp-block-themeisle-blocks-font-awesome-icons-f2c69d73\" class=\"wp-block-themeisle-blocks-font-awesome-icons\"><span class=\"wp-block-themeisle-blocks-font-awesome-icons-container\"><i class=\"fas fa-house-user\"><\/i><\/span><\/div>\n\n\n\n<h3 class=\"gb-headline gb-headline-605f9a6a gb-headline-text\">Anschrift:<\/h3>\n\n\n\n<p class=\"has-text-align-center\"><strong>DVM Angelika Wimmer<br>FT\u00c4 f\u00fcr Zoo-, Wild- und Gehegetiere<\/strong><br>Fichtenweg 4<br>99098 Erfurt<\/p>\n\n\n\n<p class=\"has-text-align-center\">Parkpl\u00e4tze vor der Praxis vorhanden.<\/p>\n<\/div>\n\n\n\n<div class=\"wp-block-column white is-layout-flow\">\n<div id=\"wp-block-themeisle-blocks-font-awesome-icons-48ba98a6\" class=\"wp-block-themeisle-blocks-font-awesome-icons\"><span class=\"wp-block-themeisle-blocks-font-awesome-icons-container\"><i class=\"fas fa-phone-alt\"><\/i><\/span><\/div>\n\n\n\n<h3 class=\"gb-headline gb-headline-618ea36e gb-headline-text\">TERMINVERGABE: <\/h3>\n\n\n\n<p class=\"has-text-align-center\">Telefon <a href=\"tel: 00491738154836\">+49 173 815 4836<\/a><br>Messenger <a href=\"https:\/\/wa.me\/491738154836\">WhatsApp<\/a><br>E-Mail <a href=\"mailto:tierarzt-elefant-hi@gmx.de\">tierarzt-elefant-hi@gmx.de<\/a><\/p>\n<\/div>\n<\/div>\n\n\n\n<figure class=\"wp-block-gallery has-nested-images columns-default is-cropped wp-block-gallery-10 is-layout-flex\">\n<figure class=\"wp-block-image size-large\"><a href=\"https:\/\/www.tierarzt-wimmer.de\/wp-content\/uploads\/2021\/06\/IMG_3240.jpg\" rel=\"lightbox-0\"><img decoding=\"async\" loading=\"lazy\" width=\"640\" height=\"480\" data-id=\"339\"  src=\"https:\/\/www.tierarzt-wimmer.de\/wp-content\/uploads\/2021\/06\/IMG_3240.jpg\" alt=\"\" class=\"wp-image-339\" srcset=\"https:\/\/www.tierarzt-wimmer.de\/wp-content\/uploads\/2021\/06\/IMG_3240.jpg 640w, https:\/\/www.tierarzt-wimmer.de\/wp-content\/uploads\/2021\/06\/IMG_3240-300x225.jpg 300w\" sizes=\"(max-width: 640px) 100vw, 640px\" \/><\/a><figcaption class=\"wp-element-caption\">Meine neue Praxis<\/figcaption><\/figure>\n\n\n\n<figure class=\"wp-block-image size-large\"><a href=\"https:\/\/www.tierarzt-wimmer.de\/wp-content\/uploads\/2021\/06\/IMG_3241-rotated.jpg\" rel=\"lightbox-1\"><img decoding=\"async\" loading=\"lazy\" width=\"480\" height=\"640\" data-id=\"340\"  src=\"https:\/\/www.tierarzt-wimmer.de\/wp-content\/uploads\/2021\/06\/IMG_3241-rotated.jpg\" alt=\"\" class=\"wp-image-340\" srcset=\"https:\/\/www.tierarzt-wimmer.de\/wp-content\/uploads\/2021\/06\/IMG_3241-rotated.jpg 480w, https:\/\/www.tierarzt-wimmer.de\/wp-content\/uploads\/2021\/06\/IMG_3241-225x300.jpg 225w\" sizes=\"(max-width: 480px) 100vw, 480px\" \/><\/a><figcaption class=\"wp-element-caption\">3 Parkpl\u00e4tze vorhanden<\/figcaption><\/figure>\n\n\n\n<figure class=\"wp-block-image size-large\"><a href=\"https:\/\/www.tierarzt-wimmer.de\/wp-content\/uploads\/2021\/06\/IMG_3624.jpg\" rel=\"lightbox-2\"><img decoding=\"async\" loading=\"lazy\" width=\"640\" height=\"480\" data-id=\"344\"  src=\"https:\/\/www.tierarzt-wimmer.de\/wp-content\/uploads\/2021\/06\/IMG_3624.jpg\" alt=\"\" class=\"wp-image-344\" srcset=\"https:\/\/www.tierarzt-wimmer.de\/wp-content\/uploads\/2021\/06\/IMG_3624.jpg 640w, https:\/\/www.tierarzt-wimmer.de\/wp-content\/uploads\/2021\/06\/IMG_3624-300x225.jpg 300w\" sizes=\"(max-width: 640px) 100vw, 640px\" \/><\/a><figcaption class=\"wp-element-caption\">Empfang<\/figcaption><\/figure>\n\n\n\n<figure class=\"wp-block-image size-large\"><a href=\"https:\/\/www.tierarzt-wimmer.de\/wp-content\/uploads\/2021\/06\/IMG_3619.jpg\" rel=\"lightbox-3\"><img decoding=\"async\" loading=\"lazy\" width=\"640\" height=\"480\" data-id=\"341\"  src=\"https:\/\/www.tierarzt-wimmer.de\/wp-content\/uploads\/2021\/06\/IMG_3619.jpg\" alt=\"\" class=\"wp-image-341\" srcset=\"https:\/\/www.tierarzt-wimmer.de\/wp-content\/uploads\/2021\/06\/IMG_3619.jpg 640w, https:\/\/www.tierarzt-wimmer.de\/wp-content\/uploads\/2021\/06\/IMG_3619-300x225.jpg 300w\" sizes=\"(max-width: 640px) 100vw, 640px\" \/><\/a><figcaption class=\"wp-element-caption\">Praxisraum<\/figcaption><\/figure>\n\n\n\n<figure class=\"wp-block-image size-large\"><a href=\"https:\/\/www.tierarzt-wimmer.de\/wp-content\/uploads\/2021\/06\/IMG_3622.jpg\" rel=\"lightbox-4\"><img decoding=\"async\" loading=\"lazy\" width=\"640\" height=\"480\" data-id=\"342\"  src=\"https:\/\/www.tierarzt-wimmer.de\/wp-content\/uploads\/2021\/06\/IMG_3622.jpg\" alt=\"\" class=\"wp-image-342\" srcset=\"https:\/\/www.tierarzt-wimmer.de\/wp-content\/uploads\/2021\/06\/IMG_3622.jpg 640w, https:\/\/www.tierarzt-wimmer.de\/wp-content\/uploads\/2021\/06\/IMG_3622-300x225.jpg 300w\" sizes=\"(max-width: 640px) 100vw, 640px\" \/><\/a><figcaption class=\"wp-element-caption\">Praxisraum<\/figcaption><\/figure>\n\n\n\n<figure class=\"wp-block-image size-large\"><a href=\"https:\/\/www.tierarzt-wimmer.de\/wp-content\/uploads\/2021\/06\/IMG_3623.jpg\" rel=\"lightbox-5\"><img decoding=\"async\" loading=\"lazy\" width=\"640\" height=\"480\" data-id=\"343\"  src=\"https:\/\/www.tierarzt-wimmer.de\/wp-content\/uploads\/2021\/06\/IMG_3623.jpg\" alt=\"\" class=\"wp-image-343\" srcset=\"https:\/\/www.tierarzt-wimmer.de\/wp-content\/uploads\/2021\/06\/IMG_3623.jpg 640w, https:\/\/www.tierarzt-wimmer.de\/wp-content\/uploads\/2021\/06\/IMG_3623-300x225.jpg 300w\" sizes=\"(max-width: 640px) 100vw, 640px\" \/><\/a><figcaption class=\"wp-element-caption\">Praxisraum<\/figcaption><\/figure>\n<\/figure>\n","protected":false},"excerpt":{"rendered":"<p>Meine Leistungen Anschrift: DVM Angelika WimmerFT\u00c4 f\u00fcr Zoo-, Wild- und GehegetiereFichtenweg 499098 Erfurt Parkpl\u00e4tze vor der Praxis vorhanden. TERMINVERGABE: Telefon +49 173 815 4836Messenger WhatsAppE-Mail tierarzt-elefant-hi@gmx.de<\/p>\n","protected":false},"author":1,"featured_media":0,"parent":0,"menu_order":0,"comment_status":"closed","ping_status":"closed","template":"","meta":{"_uag_custom_page_level_css":"","ub_ctt_via":"","_themeisle_gutenberg_block_has_review":false},"featured_image_src":null,"uagb_featured_image_src":{"full":false,"thumbnail":false,"medium":false,"medium_large":false,"large":false,"1536x1536":false,"2048x2048":false,"xl":false,"xxl":false,"xxxl":false,"xxxxl":false,"xxxxxl":false},"uagb_author_info":{"display_name":"admin","author_link":"https:\/\/www.tierarzt-wimmer.de\/?author=1"},"uagb_comment_info":0,"uagb_excerpt":"Meine Leistungen Anschrift: DVM Angelika WimmerFT\u00c4 f\u00fcr Zoo-, Wild- und GehegetiereFichtenweg 499098 Erfurt Parkpl\u00e4tze vor der Praxis vorhanden. TERMINVERGABE: Telefon +49 173 815 4836Messenger WhatsAppE-Mail tierarzt-elefant-hi@gmx.de","_links":{"self":[{"href":"https:\/\/www.tierarzt-wimmer.de\/index.php?rest_route=\/wp\/v2\/pages\/6"}],"collection":[{"href":"https:\/\/www.tierarzt-wimmer.de\/index.php?rest_route=\/wp\/v2\/pages"}],"about":[{"href":"https:\/\/www.tierarzt-wimmer.de\/index.php?rest_route=\/wp\/v2\/types\/page"}],"author":[{"embeddable":true,"href":"https:\/\/www.tierarzt-wimmer.de\/index.php?rest_route=\/wp\/v2\/users\/1"}],"replies":[{"embeddable":true,"href":"https:\/\/www.tierarzt-wimmer.de\/index.php?rest_route=%2Fwp%2Fv2%2Fcomments&post=6"}],"version-history":[{"count":86,"href":"https:\/\/www.tierarzt-wimmer.de\/index.php?rest_route=\/wp\/v2\/pages\/6\/revisions"}],"predecessor-version":[{"id":356,"href":"https:\/\/www.tierarzt-wimmer.de\/index.php?rest_route=\/wp\/v2\/pages\/6\/revisions\/356"}],"wp:attachment":[{"href":"https:\/\/www.tierarzt-wimmer.de\/index.php?rest_route=%2Fwp%2Fv2%2Fmedia&parent=6"}],"curies":[{"name":"wp","href":"https:\/\/api.w.org\/{rel}","templated":true}]}}